{"id":21750,"date":"2018-04-12T12:51:04","date_gmt":"2018-04-12T12:51:04","guid":{"rendered":"http:\/\/anoiaturisme.cat\/nuclis-amb-encant\/"},"modified":"2023-06-15T07:53:36","modified_gmt":"2023-06-15T07:53:36","slug":"nuclis-amb-encant","status":"publish","type":"page","link":"http:\/\/anoiaturisme.cat\/es\/nuclis-amb-encant\/","title":{"rendered":"N\u00facleos con encanto"},"content":{"rendered":"<div class=\"wpb-content-wrapper\"><p>[vc_row][vc_column][vc_column_text]N\u00facleos con encanto\u00a0(Nuclis amb encant) es una colecci\u00f3n impulsada por Anoia Turismo para hacer promoci\u00f3n de la comarca y que quiere poner en valor los n\u00facleos antiguos de diferentes municipios de la Anoia.<\/p>\n<p>De momento se han editado los mapas de los municipios de La Llacuna, Copons, Sant Mart\u00ed de Tous y Piera.<\/p>\n<p>El plano tiene un formato A3, y la informaci\u00f3n que contiene permite al visitante recorrer el n\u00facleo de cada municipio y conocer los principales atractivos. Y es que de una cara incluye los monumentos, el patrimonio y los espacios m\u00e1s destacados y de la otra la descripci\u00f3n de todos ellos. La misma edici\u00f3n incluye tres idiomas; catal\u00e1n, castellano e ingl\u00e9s.<\/p>\n<p>Desc\u00e1rgatelos haciendo clic sobre ellos.[\/vc_column_text][\/vc_column][\/vc_row][vc_row][vc_column width=\u00bb1\/2&#8243;][vc_column_text]<a href=\"http:\/\/anoiaturisme.cat\/wp-content\/uploads\/lallacuna.pdf\"><img decoding=\"async\" class=\"wp-image-21413 alignnone\" src=\"https:\/\/anoiaturisme.cat\/wp-content\/uploads\/llacuna.png\" alt=\"\" width=\"100%\" height=\"auto\" srcset=\"http:\/\/anoiaturisme.cat\/wp-content\/uploads\/llacuna.png 600w, http:\/\/anoiaturisme.cat\/wp-content\/uploads\/llacuna-300x200.png 300w\" sizes=\"(max-width: 600px) 100vw, 600px\" \/><\/a>[\/vc_column_text][\/vc_column][vc_column width=\u00bb1\/2&#8243;][vc_column_text]<a href=\"http:\/\/anoiaturisme.cat\/wp-content\/uploads\/mapacopons.pdf\"><img decoding=\"async\" class=\"wp-image-21408 alignright\" src=\"https:\/\/anoiaturisme.cat\/wp-content\/uploads\/copons-1.png\" alt=\"\" width=\"100%\" height=\"auto\" srcset=\"http:\/\/anoiaturisme.cat\/wp-content\/uploads\/copons-1.png 600w, http:\/\/anoiaturisme.cat\/wp-content\/uploads\/copons-1-300x200.png 300w\" sizes=\"(max-width: 600px) 100vw, 600px\" \/><\/a>[\/vc_column_text][\/vc_column][\/vc_row][vc_row][vc_column width=\u00bb1\/2&#8243;][vc_column_text]<a href=\"http:\/\/anoiaturisme.cat\/wp-content\/uploads\/mapa-de-Tous.pdf\"><img decoding=\"async\" class=\"wp-image-21417 alignnone\" src=\"https:\/\/anoiaturisme.cat\/wp-content\/uploads\/tous.png\" alt=\"\" width=\"100%\" height=\"auto\" srcset=\"http:\/\/anoiaturisme.cat\/wp-content\/uploads\/tous.png 600w, http:\/\/anoiaturisme.cat\/wp-content\/uploads\/tous-300x200.png 300w\" sizes=\"(max-width: 600px) 100vw, 600px\" \/><\/a>[\/vc_column_text][\/vc_column][vc_column width=\u00bb1\/2&#8243;][vc_column_text]<a href=\"http:\/\/anoiaturisme.cat\/wp-content\/uploads\/Mapa-de-Piera.pdf\"><img decoding=\"async\" class=\"wp-image-21421 alignright\" src=\"https:\/\/anoiaturisme.cat\/wp-content\/uploads\/piera-4.png\" alt=\"\" width=\"100%\" height=\"auto\" srcset=\"http:\/\/anoiaturisme.cat\/wp-content\/uploads\/piera-4.png 600w, http:\/\/anoiaturisme.cat\/wp-content\/uploads\/piera-4-300x200.png 300w\" sizes=\"(max-width: 600px) 100vw, 600px\" \/><\/a>[\/vc_column_text][\/vc_column][\/vc_row][vc_row][vc_column width=\u00bb1\/2&#8243;][vc_column_text]<a href=\"http:\/\/anoiaturisme.cat\/mapade-castellfollit\/\"><img decoding=\"async\" class=\"alignleft size-large wp-image-25623\" src=\"https:\/\/anoiaturisme.cat\/wp-content\/uploads\/\/mapadecastellfollit-600x418.png\" alt=\"\" width=\"100%\" height=\"auto\" srcset=\"http:\/\/anoiaturisme.cat\/wp-content\/uploads\/mapadecastellfollit-600x418.png 600w, http:\/\/anoiaturisme.cat\/wp-content\/uploads\/mapadecastellfollit-300x209.png 300w, http:\/\/anoiaturisme.cat\/wp-content\/uploads\/mapadecastellfollit-768x535.png 768w, http:\/\/anoiaturisme.cat\/wp-content\/uploads\/mapadecastellfollit.png 1148w\" sizes=\"(max-width: 600px) 100vw, 600px\" \/><\/a>[\/vc_column_text][\/vc_column][vc_column width=\u00bb1\/2&#8243;][vc_column_text]<a href=\"https:\/\/anoiaturisme.cat\/wp-content\/uploads\/HOSTALETSrgb.pdf\"><img loading=\"lazy\" decoding=\"async\" class=\"alignnone wp-image-37802 size-full\" src=\"https:\/\/anoiaturisme.cat\/wp-content\/uploads\/hostalets-de-pierola-1-2-e1686815406959.jpg\" alt=\"\" width=\"1400\" height=\"990\" \/><\/a>[\/vc_column_text][\/vc_column][\/vc_row]<\/p>\n<\/div>","protected":false},"excerpt":{"rendered":"<p>[vc_row][vc_column][vc_column_text]N\u00facleos con encanto\u00a0(Nuclis amb encant) es una colecci\u00f3n impulsada por Anoia Turismo para hacer promoci\u00f3n de la comarca y que quiere poner en valor los n\u00facleos antiguos de diferentes municipios de la Anoia. De momento se han editado los mapas de los municipios de La Llacuna, Copons, Sant Mart\u00ed de Tous y Piera. El plano&#8230;  <a class=\"excerpt-read-more\" href=\"http:\/\/anoiaturisme.cat\/es\/nuclis-amb-encant\/\" title=\"ReadN\u00facleos con encanto\">Read more &raquo;<\/a><\/p>\n","protected":false},"author":1,"featured_media":0,"parent":0,"menu_order":0,"comment_status":"closed","ping_status":"closed","template":"","meta":{"_acf_changed":false,"footnotes":""},"class_list":["post-21750","page","type-page","status-publish","hentry"],"acf":[],"yoast_head":"<!-- This site is optimized with the Yoast SEO plugin v26.8 - https:\/\/yoast.com\/product\/yoast-seo-wordpress\/ -->\n<title>N\u00facleos con encanto &#183; Anoia Turisme<\/title>\n<meta name=\"robots\" content=\"index, follow, max-snippet:-1, max-image-preview:large, max-video-preview:-1\" \/>\n<link rel=\"canonical\" href=\"https:\/\/anoiaturisme.cat\/es\/nuclis-amb-encant\/\" \/>\n<meta property=\"og:locale\" content=\"es_ES\" \/>\n<meta property=\"og:type\" content=\"article\" \/>\n<meta property=\"og:title\" content=\"N\u00facleos con encanto &#183; Anoia Turisme\" \/>\n<meta property=\"og:description\" content=\"[vc_row][vc_column][vc_column_text]N\u00facleos con encanto\u00a0(Nuclis amb encant) es una colecci\u00f3n impulsada por Anoia Turismo para hacer promoci\u00f3n de la comarca y que quiere poner en valor los n\u00facleos antiguos de diferentes municipios de la Anoia. De momento se han editado los mapas de los municipios de La Llacuna, Copons, Sant Mart\u00ed de Tous y Piera. El plano... Read more &raquo;\" \/>\n<meta property=\"og:url\" content=\"https:\/\/anoiaturisme.cat\/es\/nuclis-amb-encant\/\" \/>\n<meta property=\"og:site_name\" content=\"Anoia Turisme\" \/>\n<meta property=\"article:publisher\" content=\"https:\/\/www.facebook.com\/anoiaturisme\/\" \/>\n<meta property=\"article:modified_time\" content=\"2023-06-15T07:53:36+00:00\" \/>\n<meta property=\"og:image\" content=\"https:\/\/anoiaturisme.cat\/wp-content\/uploads\/llacuna.png\" \/>\n<meta name=\"twitter:card\" content=\"summary_large_image\" \/>\n<meta name=\"twitter:site\" content=\"@anoia_turisme\" \/>\n<meta name=\"twitter:label1\" content=\"Tiempo de lectura\" \/>\n\t<meta name=\"twitter:data1\" content=\"1 minuto\" \/>\n<script type=\"application\/ld+json\" class=\"yoast-schema-graph\">{\"@context\":\"https:\/\/schema.org\",\"@graph\":[{\"@type\":\"WebPage\",\"@id\":\"https:\/\/anoiaturisme.cat\/es\/nuclis-amb-encant\/\",\"url\":\"https:\/\/anoiaturisme.cat\/es\/nuclis-amb-encant\/\",\"name\":\"N\u00facleos con encanto &#183; Anoia Turisme\",\"isPartOf\":{\"@id\":\"https:\/\/anoiaturisme.cat\/#website\"},\"primaryImageOfPage\":{\"@id\":\"https:\/\/anoiaturisme.cat\/es\/nuclis-amb-encant\/#primaryimage\"},\"image\":{\"@id\":\"https:\/\/anoiaturisme.cat\/es\/nuclis-amb-encant\/#primaryimage\"},\"thumbnailUrl\":\"https:\/\/anoiaturisme.cat\/wp-content\/uploads\/llacuna.png\",\"datePublished\":\"2018-04-12T12:51:04+00:00\",\"dateModified\":\"2023-06-15T07:53:36+00:00\",\"breadcrumb\":{\"@id\":\"https:\/\/anoiaturisme.cat\/es\/nuclis-amb-encant\/#breadcrumb\"},\"inLanguage\":\"es\",\"potentialAction\":[{\"@type\":\"ReadAction\",\"target\":[\"https:\/\/anoiaturisme.cat\/es\/nuclis-amb-encant\/\"]}]},{\"@type\":\"ImageObject\",\"inLanguage\":\"es\",\"@id\":\"https:\/\/anoiaturisme.cat\/es\/nuclis-amb-encant\/#primaryimage\",\"url\":\"https:\/\/anoiaturisme.cat\/wp-content\/uploads\/llacuna.png\",\"contentUrl\":\"https:\/\/anoiaturisme.cat\/wp-content\/uploads\/llacuna.png\"},{\"@type\":\"BreadcrumbList\",\"@id\":\"https:\/\/anoiaturisme.cat\/es\/nuclis-amb-encant\/#breadcrumb\",\"itemListElement\":[{\"@type\":\"ListItem\",\"position\":1,\"name\":\"Inici\",\"item\":\"https:\/\/anoiaturisme.cat\/es\/\"},{\"@type\":\"ListItem\",\"position\":2,\"name\":\"N\u00facleos con encanto\"}]},{\"@type\":\"WebSite\",\"@id\":\"https:\/\/anoiaturisme.cat\/#website\",\"url\":\"https:\/\/anoiaturisme.cat\/\",\"name\":\"Anoia Turisme\",\"description\":\"Vine a con\u00e8xier l&#039;Anoia!\",\"potentialAction\":[{\"@type\":\"SearchAction\",\"target\":{\"@type\":\"EntryPoint\",\"urlTemplate\":\"https:\/\/anoiaturisme.cat\/?s={search_term_string}\"},\"query-input\":{\"@type\":\"PropertyValueSpecification\",\"valueRequired\":true,\"valueName\":\"search_term_string\"}}],\"inLanguage\":\"es\"}]}<\/script>\n<!-- \/ Yoast SEO plugin. -->","yoast_head_json":{"title":"N\u00facleos con encanto &#183; Anoia Turisme","robots":{"index":"index","follow":"follow","max-snippet":"max-snippet:-1","max-image-preview":"max-image-preview:large","max-video-preview":"max-video-preview:-1"},"canonical":"https:\/\/anoiaturisme.cat\/es\/nuclis-amb-encant\/","og_locale":"es_ES","og_type":"article","og_title":"N\u00facleos con encanto &#183; Anoia Turisme","og_description":"[vc_row][vc_column][vc_column_text]N\u00facleos con encanto\u00a0(Nuclis amb encant) es una colecci\u00f3n impulsada por Anoia Turismo para hacer promoci\u00f3n de la comarca y que quiere poner en valor los n\u00facleos antiguos de diferentes municipios de la Anoia. De momento se han editado los mapas de los municipios de La Llacuna, Copons, Sant Mart\u00ed de Tous y Piera. El plano... Read more &raquo;","og_url":"https:\/\/anoiaturisme.cat\/es\/nuclis-amb-encant\/","og_site_name":"Anoia Turisme","article_publisher":"https:\/\/www.facebook.com\/anoiaturisme\/","article_modified_time":"2023-06-15T07:53:36+00:00","og_image":[{"url":"https:\/\/anoiaturisme.cat\/wp-content\/uploads\/llacuna.png","type":"","width":"","height":""}],"twitter_card":"summary_large_image","twitter_site":"@anoia_turisme","twitter_misc":{"Tiempo de lectura":"1 minuto"},"schema":{"@context":"https:\/\/schema.org","@graph":[{"@type":"WebPage","@id":"https:\/\/anoiaturisme.cat\/es\/nuclis-amb-encant\/","url":"https:\/\/anoiaturisme.cat\/es\/nuclis-amb-encant\/","name":"N\u00facleos con encanto &#183; Anoia Turisme","isPartOf":{"@id":"https:\/\/anoiaturisme.cat\/#website"},"primaryImageOfPage":{"@id":"https:\/\/anoiaturisme.cat\/es\/nuclis-amb-encant\/#primaryimage"},"image":{"@id":"https:\/\/anoiaturisme.cat\/es\/nuclis-amb-encant\/#primaryimage"},"thumbnailUrl":"https:\/\/anoiaturisme.cat\/wp-content\/uploads\/llacuna.png","datePublished":"2018-04-12T12:51:04+00:00","dateModified":"2023-06-15T07:53:36+00:00","breadcrumb":{"@id":"https:\/\/anoiaturisme.cat\/es\/nuclis-amb-encant\/#breadcrumb"},"inLanguage":"es","potentialAction":[{"@type":"ReadAction","target":["https:\/\/anoiaturisme.cat\/es\/nuclis-amb-encant\/"]}]},{"@type":"ImageObject","inLanguage":"es","@id":"https:\/\/anoiaturisme.cat\/es\/nuclis-amb-encant\/#primaryimage","url":"https:\/\/anoiaturisme.cat\/wp-content\/uploads\/llacuna.png","contentUrl":"https:\/\/anoiaturisme.cat\/wp-content\/uploads\/llacuna.png"},{"@type":"BreadcrumbList","@id":"https:\/\/anoiaturisme.cat\/es\/nuclis-amb-encant\/#breadcrumb","itemListElement":[{"@type":"ListItem","position":1,"name":"Inici","item":"https:\/\/anoiaturisme.cat\/es\/"},{"@type":"ListItem","position":2,"name":"N\u00facleos con encanto"}]},{"@type":"WebSite","@id":"https:\/\/anoiaturisme.cat\/#website","url":"https:\/\/anoiaturisme.cat\/","name":"Anoia Turisme","description":"Vine a con\u00e8xier l&#039;Anoia!","potentialAction":[{"@type":"SearchAction","target":{"@type":"EntryPoint","urlTemplate":"https:\/\/anoiaturisme.cat\/?s={search_term_string}"},"query-input":{"@type":"PropertyValueSpecification","valueRequired":true,"valueName":"search_term_string"}}],"inLanguage":"es"}]}},"_links":{"self":[{"href":"http:\/\/anoiaturisme.cat\/es\/wp-json\/wp\/v2\/pages\/21750","targetHints":{"allow":["GET"]}}],"collection":[{"href":"http:\/\/anoiaturisme.cat\/es\/wp-json\/wp\/v2\/pages"}],"about":[{"href":"http:\/\/anoiaturisme.cat\/es\/wp-json\/wp\/v2\/types\/page"}],"author":[{"embeddable":true,"href":"http:\/\/anoiaturisme.cat\/es\/wp-json\/wp\/v2\/users\/1"}],"replies":[{"embeddable":true,"href":"http:\/\/anoiaturisme.cat\/es\/wp-json\/wp\/v2\/comments?post=21750"}],"version-history":[{"count":0,"href":"http:\/\/anoiaturisme.cat\/es\/wp-json\/wp\/v2\/pages\/21750\/revisions"}],"wp:attachment":[{"href":"http:\/\/anoiaturisme.cat\/es\/wp-json\/wp\/v2\/media?parent=21750"}],"curies":[{"name":"wp","href":"https:\/\/api.w.org\/{rel}","templated":true}]}}