{"id":31890,"date":"2021-05-11T15:19:42","date_gmt":"2021-05-11T15:19:42","guid":{"rendered":"https:\/\/anoiaturisme.cat\/?page_id=31890"},"modified":"2021-05-11T16:10:22","modified_gmt":"2021-05-11T16:10:22","slug":"tops-turisticos-de-la-anoia","status":"publish","type":"page","link":"https:\/\/anoiaturisme.cat\/es\/tops-turisticos-de-la-anoia\/","title":{"rendered":"Tops tur\u00edsticos de la Anoia"},"content":{"rendered":"<div class=\"wpb-content-wrapper\"><p>[vc_row][vc_column][vc_video link=\u00bbhttps:\/\/www.youtube.com\/watch?v=AGc5I62wWrI\u00bb align=\u00bbcenter\u00bb][vc_column_text]La Anoia es una comarca formada por territorios muy diferentes que se han agrupado y han dado lugar a una zona llena de contrastes y matices. En el norte, el Alta Anoia, con las mesetas de nieblas espesas dominados por el amarillo de los cereales maduros en verano y por los verdes intensos en la primavera; en el centro, la Conca de \u00d2dena, de f\u00e9rtiles zonas y bosques frondosos; y, en el sur, la baja Anoia, la zona m\u00e1s mediterr\u00e1nea llena de vendimias intensas.<\/p>\n<p>Descubre la gu\u00eda tur\u00edstica de actividades de turismo cultural y de turismo activo y de natura, con propuestas de excursiones y saltos de agua por los diferentes municipios de la comarca: \u00a1Los Tops tur\u00edsticos de la Anoia!<\/p>\n<p>Desc\u00e1rgate lo tr\u00edptico clicando en la imagen.[\/vc_column_text][\/vc_column][\/vc_row][vc_row][vc_column width=\u00bb1\/2&#8243;][vc_column_text]<a href=\"http:\/\/anoiaturisme.cat\/wp-content\/uploads\/TOPSANOIACATALA.pdf\" target=\"_blank\" rel=\"noopener\"><img loading=\"lazy\" decoding=\"async\" class=\"alignleft size-large wp-image-31894\" src=\"https:\/\/anoiaturisme.cat\/wp-content\/uploads\/\/TOPSANOIACATALA-1-425x600.jpg\" alt=\"\" width=\"425\" height=\"600\" srcset=\"https:\/\/anoiaturisme.cat\/wp-content\/uploads\/TOPSANOIACATALA-1-425x600.jpg 425w, https:\/\/anoiaturisme.cat\/wp-content\/uploads\/TOPSANOIACATALA-1-212x300.jpg 212w, https:\/\/anoiaturisme.cat\/wp-content\/uploads\/TOPSANOIACATALA-1-600x847.jpg 600w, https:\/\/anoiaturisme.cat\/wp-content\/uploads\/TOPSANOIACATALA-1.jpg 708w\" sizes=\"auto, (max-width: 425px) 100vw, 425px\" \/><\/a>[\/vc_column_text][\/vc_column][vc_column width=\u00bb1\/2&#8243;][vc_column_text]Y todo esto en un paisaje lleno de bellos rincones que recibe con los brazos abiertos el visitante que busca una oferta l\u00fadica diferente, basada en la cultura, el patrimonio, el turismo activo, la buena mesa, alojamientos y productos artesanales de primera calidad.<br \/>\nLa Anoia es diversidad. \u00c9sta es su singularidad, \u00e9sta es su personalidad y esto es realmente lo que la hace interesante.<\/p>\n<p><strong>\u00a1Desc\u00fabrela!<\/strong>[\/vc_column_text][\/vc_column][\/vc_row][vc_row][vc_column width=\u00bb1\/2&#8243;][vc_column_text]<a href=\"http:\/\/anoiaturisme.cat\/wp-content\/uploads\/TOPSANOIACATALA.pdf\"><img loading=\"lazy\" decoding=\"async\" class=\"alignleft wp-image-31931 size-large\" src=\"https:\/\/anoiaturisme.cat\/wp-content\/uploads\/\/tops-turistics-anoia-activitats-1-600x178.png\" alt=\"\" width=\"600\" height=\"178\" srcset=\"https:\/\/anoiaturisme.cat\/wp-content\/uploads\/tops-turistics-anoia-activitats-1-600x178.png 600w, https:\/\/anoiaturisme.cat\/wp-content\/uploads\/tops-turistics-anoia-activitats-1-300x89.png 300w, https:\/\/anoiaturisme.cat\/wp-content\/uploads\/tops-turistics-anoia-activitats-1-768x228.png 768w, https:\/\/anoiaturisme.cat\/wp-content\/uploads\/tops-turistics-anoia-activitats-1.png 1400w\" sizes=\"auto, (max-width: 600px) 100vw, 600px\" \/><\/a>[\/vc_column_text][\/vc_column][vc_column width=\u00bb1\/2&#8243;][vc_column_text]<a href=\"http:\/\/anoiaturisme.cat\/wp-content\/uploads\/TOPSANOIACATALA.pdf\"><img loading=\"lazy\" decoding=\"async\" class=\"alignleft wp-image-31935 size-large\" src=\"https:\/\/anoiaturisme.cat\/wp-content\/uploads\/\/tops-turistics-anoia-allotjament-rural-1-600x178.png\" alt=\"\" width=\"600\" height=\"178\" srcset=\"https:\/\/anoiaturisme.cat\/wp-content\/uploads\/tops-turistics-anoia-allotjament-rural-1-600x178.png 600w, https:\/\/anoiaturisme.cat\/wp-content\/uploads\/tops-turistics-anoia-allotjament-rural-1-300x89.png 300w, https:\/\/anoiaturisme.cat\/wp-content\/uploads\/tops-turistics-anoia-allotjament-rural-1-768x228.png 768w, https:\/\/anoiaturisme.cat\/wp-content\/uploads\/tops-turistics-anoia-allotjament-rural-1.png 1400w\" sizes=\"auto, (max-width: 600px) 100vw, 600px\" \/><\/a>[\/vc_column_text][\/vc_column][\/vc_row][vc_row][vc_column width=\u00bb1\/2&#8243;][vc_column_text]<a href=\"http:\/\/anoiaturisme.cat\/wp-content\/uploads\/TOPSANOIACATALA.pdf\"><img loading=\"lazy\" decoding=\"async\" class=\"alignleft size-large wp-image-31939\" src=\"https:\/\/anoiaturisme.cat\/wp-content\/uploads\/\/tops-turistics-anoia-castells-1-600x178.png\" alt=\"\" width=\"600\" height=\"178\" srcset=\"https:\/\/anoiaturisme.cat\/wp-content\/uploads\/tops-turistics-anoia-castells-1-600x178.png 600w, https:\/\/anoiaturisme.cat\/wp-content\/uploads\/tops-turistics-anoia-castells-1-300x89.png 300w, https:\/\/anoiaturisme.cat\/wp-content\/uploads\/tops-turistics-anoia-castells-1-768x228.png 768w, https:\/\/anoiaturisme.cat\/wp-content\/uploads\/tops-turistics-anoia-castells-1-1536x456.png 1536w, https:\/\/anoiaturisme.cat\/wp-content\/uploads\/tops-turistics-anoia-castells-1.png 2008w\" sizes=\"auto, (max-width: 600px) 100vw, 600px\" \/><\/a>[\/vc_column_text][\/vc_column][vc_column width=\u00bb1\/2&#8243;][vc_column_text]<a href=\"http:\/\/anoiaturisme.cat\/wp-content\/uploads\/TOPSANOIACATALA.pdf\"><img loading=\"lazy\" decoding=\"async\" class=\"alignleft size-large wp-image-31943\" src=\"https:\/\/anoiaturisme.cat\/wp-content\/uploads\/\/tops-turistics-anoia-excursions-1-600x178.png\" alt=\"\" width=\"600\" height=\"178\" srcset=\"https:\/\/anoiaturisme.cat\/wp-content\/uploads\/tops-turistics-anoia-excursions-1-600x178.png 600w, https:\/\/anoiaturisme.cat\/wp-content\/uploads\/tops-turistics-anoia-excursions-1-300x89.png 300w, https:\/\/anoiaturisme.cat\/wp-content\/uploads\/tops-turistics-anoia-excursions-1-768x228.png 768w, https:\/\/anoiaturisme.cat\/wp-content\/uploads\/tops-turistics-anoia-excursions-1.png 1400w\" sizes=\"auto, (max-width: 600px) 100vw, 600px\" \/><\/a>[\/vc_column_text][\/vc_column][\/vc_row][vc_row][vc_column width=\u00bb1\/2&#8243;][vc_column_text]<a href=\"http:\/\/anoiaturisme.cat\/wp-content\/uploads\/TOPSANOIACATALA.pdf\"><img loading=\"lazy\" decoding=\"async\" class=\"alignleft size-large wp-image-31965\" src=\"https:\/\/anoiaturisme.cat\/wp-content\/uploads\/\/tops-turistics-anoia-gastronomia-2-600x177.png\" alt=\"\" width=\"600\" height=\"177\" srcset=\"https:\/\/anoiaturisme.cat\/wp-content\/uploads\/tops-turistics-anoia-gastronomia-2-600x177.png 600w, https:\/\/anoiaturisme.cat\/wp-content\/uploads\/tops-turistics-anoia-gastronomia-2-300x89.png 300w, https:\/\/anoiaturisme.cat\/wp-content\/uploads\/tops-turistics-anoia-gastronomia-2-768x227.png 768w, https:\/\/anoiaturisme.cat\/wp-content\/uploads\/tops-turistics-anoia-gastronomia-2.png 1400w\" sizes=\"auto, (max-width: 600px) 100vw, 600px\" \/><\/a>[\/vc_column_text][\/vc_column][vc_column width=\u00bb1\/2&#8243;][vc_column_text]<a href=\"http:\/\/anoiaturisme.cat\/wp-content\/uploads\/TOPSANOIACATALA.pdf\"><img loading=\"lazy\" decoding=\"async\" class=\"alignleft size-large wp-image-31951\" src=\"https:\/\/anoiaturisme.cat\/wp-content\/uploads\/\/tops-turistics-anoia-gorgs-1-600x178.png\" alt=\"\" width=\"600\" height=\"178\" srcset=\"https:\/\/anoiaturisme.cat\/wp-content\/uploads\/tops-turistics-anoia-gorgs-1-600x178.png 600w, https:\/\/anoiaturisme.cat\/wp-content\/uploads\/tops-turistics-anoia-gorgs-1-300x89.png 300w, https:\/\/anoiaturisme.cat\/wp-content\/uploads\/tops-turistics-anoia-gorgs-1-768x228.png 768w, https:\/\/anoiaturisme.cat\/wp-content\/uploads\/tops-turistics-anoia-gorgs-1.png 1400w\" sizes=\"auto, (max-width: 600px) 100vw, 600px\" \/><\/a>[\/vc_column_text][\/vc_column][\/vc_row][vc_row][vc_column width=\u00bb1\/2&#8243;][vc_column_text]<a href=\"http:\/\/anoiaturisme.cat\/wp-content\/uploads\/TOPSANOIACATALA.pdf\"><img loading=\"lazy\" decoding=\"async\" class=\"alignleft size-large wp-image-31955\" src=\"https:\/\/anoiaturisme.cat\/wp-content\/uploads\/\/tops-turistics-anoia-museus-1-600x178.png\" alt=\"\" width=\"600\" height=\"178\" srcset=\"https:\/\/anoiaturisme.cat\/wp-content\/uploads\/tops-turistics-anoia-museus-1-600x178.png 600w, https:\/\/anoiaturisme.cat\/wp-content\/uploads\/tops-turistics-anoia-museus-1-300x89.png 300w, https:\/\/anoiaturisme.cat\/wp-content\/uploads\/tops-turistics-anoia-museus-1-768x228.png 768w, https:\/\/anoiaturisme.cat\/wp-content\/uploads\/tops-turistics-anoia-museus-1.png 1400w\" sizes=\"auto, (max-width: 600px) 100vw, 600px\" \/><\/a>[\/vc_column_text][\/vc_column][vc_column width=\u00bb1\/2&#8243;][vc_column_text]<a href=\"http:\/\/anoiaturisme.cat\/wp-content\/uploads\/TOPSANOIACATALA.pdf\"><img loading=\"lazy\" decoding=\"async\" class=\"alignleft size-large wp-image-31959\" src=\"https:\/\/anoiaturisme.cat\/wp-content\/uploads\/\/tops-turistics-anoia-nuclis-1-600x178.png\" alt=\"\" width=\"600\" height=\"178\" srcset=\"https:\/\/anoiaturisme.cat\/wp-content\/uploads\/tops-turistics-anoia-nuclis-1-600x178.png 600w, https:\/\/anoiaturisme.cat\/wp-content\/uploads\/tops-turistics-anoia-nuclis-1-300x89.png 300w, https:\/\/anoiaturisme.cat\/wp-content\/uploads\/tops-turistics-anoia-nuclis-1-768x228.png 768w, https:\/\/anoiaturisme.cat\/wp-content\/uploads\/tops-turistics-anoia-nuclis-1.png 1400w\" sizes=\"auto, (max-width: 600px) 100vw, 600px\" \/><\/a>[\/vc_column_text][\/vc_column][\/vc_row][vc_row][vc_column][\/vc_column][\/vc_row]<\/p>\n<\/div>","protected":false},"excerpt":{"rendered":"<p>[vc_row][vc_column][vc_video link=\u00bbhttps:\/\/www.youtube.com\/watch?v=AGc5I62wWrI\u00bb align=\u00bbcenter\u00bb][vc_column_text]La Anoia es una comarca formada por territorios muy diferentes que se han agrupado y han dado lugar a una zona llena de contrastes y matices. En el norte, el Alta Anoia, con las mesetas de nieblas espesas dominados por el amarillo de los cereales maduros en verano y por los verdes intensos&#8230;  <a class=\"excerpt-read-more\" href=\"https:\/\/anoiaturisme.cat\/es\/tops-turisticos-de-la-anoia\/\" title=\"ReadTops tur\u00edsticos de la Anoia\">Read more &raquo;<\/a><\/p>\n","protected":false},"author":1,"featured_media":0,"parent":0,"menu_order":0,"comment_status":"closed","ping_status":"closed","template":"","meta":{"_acf_changed":false,"footnotes":""},"class_list":["post-31890","page","type-page","status-publish","hentry"],"acf":[],"yoast_head":"<!-- This site is optimized with the Yoast SEO plugin v26.8 - https:\/\/yoast.com\/product\/yoast-seo-wordpress\/ -->\n<title>Tops tur\u00edsticos de la Anoia &#183; Anoia Turisme<\/title>\n<meta name=\"robots\" content=\"index, follow, max-snippet:-1, max-image-preview:large, max-video-preview:-1\" \/>\n<link rel=\"canonical\" href=\"https:\/\/anoiaturisme.cat\/es\/tops-turisticos-de-la-anoia\/\" \/>\n<meta property=\"og:locale\" content=\"es_ES\" \/>\n<meta property=\"og:type\" content=\"article\" \/>\n<meta property=\"og:title\" content=\"Tops tur\u00edsticos de la Anoia &#183; Anoia Turisme\" \/>\n<meta property=\"og:description\" content=\"[vc_row][vc_column][vc_video link=\u00bbhttps:\/\/www.youtube.com\/watch?v=AGc5I62wWrI\u00bb align=\u00bbcenter\u00bb][vc_column_text]La Anoia es una comarca formada por territorios muy diferentes que se han agrupado y han dado lugar a una zona llena de contrastes y matices. En el norte, el Alta Anoia, con las mesetas de nieblas espesas dominados por el amarillo de los cereales maduros en verano y por los verdes intensos... Read more &raquo;\" \/>\n<meta property=\"og:url\" content=\"https:\/\/anoiaturisme.cat\/es\/tops-turisticos-de-la-anoia\/\" \/>\n<meta property=\"og:site_name\" content=\"Anoia Turisme\" \/>\n<meta property=\"article:publisher\" content=\"https:\/\/www.facebook.com\/anoiaturisme\/\" \/>\n<meta property=\"article:modified_time\" content=\"2021-05-11T16:10:22+00:00\" \/>\n<meta property=\"og:image\" content=\"https:\/\/anoiaturisme.cat\/wp-content\/uploads\/\/TOPSANOIACATALA-1-425x600.jpg\" \/>\n<meta name=\"twitter:card\" content=\"summary_large_image\" \/>\n<meta name=\"twitter:site\" content=\"@anoia_turisme\" \/>\n<meta name=\"twitter:label1\" content=\"Tiempo de lectura\" \/>\n\t<meta name=\"twitter:data1\" content=\"3 minutos\" \/>\n<script type=\"application\/ld+json\" class=\"yoast-schema-graph\">{\"@context\":\"https:\/\/schema.org\",\"@graph\":[{\"@type\":\"WebPage\",\"@id\":\"https:\/\/anoiaturisme.cat\/es\/tops-turisticos-de-la-anoia\/\",\"url\":\"https:\/\/anoiaturisme.cat\/es\/tops-turisticos-de-la-anoia\/\",\"name\":\"Tops tur\u00edsticos de la Anoia &#183; Anoia Turisme\",\"isPartOf\":{\"@id\":\"https:\/\/anoiaturisme.cat\/#website\"},\"primaryImageOfPage\":{\"@id\":\"https:\/\/anoiaturisme.cat\/es\/tops-turisticos-de-la-anoia\/#primaryimage\"},\"image\":{\"@id\":\"https:\/\/anoiaturisme.cat\/es\/tops-turisticos-de-la-anoia\/#primaryimage\"},\"thumbnailUrl\":\"https:\/\/anoiaturisme.cat\/wp-content\/uploads\/\/TOPSANOIACATALA-1-425x600.jpg\",\"datePublished\":\"2021-05-11T15:19:42+00:00\",\"dateModified\":\"2021-05-11T16:10:22+00:00\",\"breadcrumb\":{\"@id\":\"https:\/\/anoiaturisme.cat\/es\/tops-turisticos-de-la-anoia\/#breadcrumb\"},\"inLanguage\":\"es\",\"potentialAction\":[{\"@type\":\"ReadAction\",\"target\":[\"https:\/\/anoiaturisme.cat\/es\/tops-turisticos-de-la-anoia\/\"]}]},{\"@type\":\"ImageObject\",\"inLanguage\":\"es\",\"@id\":\"https:\/\/anoiaturisme.cat\/es\/tops-turisticos-de-la-anoia\/#primaryimage\",\"url\":\"https:\/\/anoiaturisme.cat\/wp-content\/uploads\/\/TOPSANOIACATALA-1-425x600.jpg\",\"contentUrl\":\"https:\/\/anoiaturisme.cat\/wp-content\/uploads\/\/TOPSANOIACATALA-1-425x600.jpg\"},{\"@type\":\"BreadcrumbList\",\"@id\":\"https:\/\/anoiaturisme.cat\/es\/tops-turisticos-de-la-anoia\/#breadcrumb\",\"itemListElement\":[{\"@type\":\"ListItem\",\"position\":1,\"name\":\"Inici\",\"item\":\"https:\/\/anoiaturisme.cat\/es\/\"},{\"@type\":\"ListItem\",\"position\":2,\"name\":\"Tops tur\u00edsticos de la Anoia\"}]},{\"@type\":\"WebSite\",\"@id\":\"https:\/\/anoiaturisme.cat\/#website\",\"url\":\"https:\/\/anoiaturisme.cat\/\",\"name\":\"Anoia Turisme\",\"description\":\"Vine a con\u00e8xier l&#039;Anoia!\",\"potentialAction\":[{\"@type\":\"SearchAction\",\"target\":{\"@type\":\"EntryPoint\",\"urlTemplate\":\"https:\/\/anoiaturisme.cat\/?s={search_term_string}\"},\"query-input\":{\"@type\":\"PropertyValueSpecification\",\"valueRequired\":true,\"valueName\":\"search_term_string\"}}],\"inLanguage\":\"es\"}]}<\/script>\n<!-- \/ Yoast SEO plugin. -->","yoast_head_json":{"title":"Tops tur\u00edsticos de la Anoia &#183; Anoia Turisme","robots":{"index":"index","follow":"follow","max-snippet":"max-snippet:-1","max-image-preview":"max-image-preview:large","max-video-preview":"max-video-preview:-1"},"canonical":"https:\/\/anoiaturisme.cat\/es\/tops-turisticos-de-la-anoia\/","og_locale":"es_ES","og_type":"article","og_title":"Tops tur\u00edsticos de la Anoia &#183; Anoia Turisme","og_description":"[vc_row][vc_column][vc_video link=\u00bbhttps:\/\/www.youtube.com\/watch?v=AGc5I62wWrI\u00bb align=\u00bbcenter\u00bb][vc_column_text]La Anoia es una comarca formada por territorios muy diferentes que se han agrupado y han dado lugar a una zona llena de contrastes y matices. En el norte, el Alta Anoia, con las mesetas de nieblas espesas dominados por el amarillo de los cereales maduros en verano y por los verdes intensos... Read more &raquo;","og_url":"https:\/\/anoiaturisme.cat\/es\/tops-turisticos-de-la-anoia\/","og_site_name":"Anoia Turisme","article_publisher":"https:\/\/www.facebook.com\/anoiaturisme\/","article_modified_time":"2021-05-11T16:10:22+00:00","og_image":[{"url":"https:\/\/anoiaturisme.cat\/wp-content\/uploads\/\/TOPSANOIACATALA-1-425x600.jpg","type":"","width":"","height":""}],"twitter_card":"summary_large_image","twitter_site":"@anoia_turisme","twitter_misc":{"Tiempo de lectura":"3 minutos"},"schema":{"@context":"https:\/\/schema.org","@graph":[{"@type":"WebPage","@id":"https:\/\/anoiaturisme.cat\/es\/tops-turisticos-de-la-anoia\/","url":"https:\/\/anoiaturisme.cat\/es\/tops-turisticos-de-la-anoia\/","name":"Tops tur\u00edsticos de la Anoia &#183; Anoia Turisme","isPartOf":{"@id":"https:\/\/anoiaturisme.cat\/#website"},"primaryImageOfPage":{"@id":"https:\/\/anoiaturisme.cat\/es\/tops-turisticos-de-la-anoia\/#primaryimage"},"image":{"@id":"https:\/\/anoiaturisme.cat\/es\/tops-turisticos-de-la-anoia\/#primaryimage"},"thumbnailUrl":"https:\/\/anoiaturisme.cat\/wp-content\/uploads\/\/TOPSANOIACATALA-1-425x600.jpg","datePublished":"2021-05-11T15:19:42+00:00","dateModified":"2021-05-11T16:10:22+00:00","breadcrumb":{"@id":"https:\/\/anoiaturisme.cat\/es\/tops-turisticos-de-la-anoia\/#breadcrumb"},"inLanguage":"es","potentialAction":[{"@type":"ReadAction","target":["https:\/\/anoiaturisme.cat\/es\/tops-turisticos-de-la-anoia\/"]}]},{"@type":"ImageObject","inLanguage":"es","@id":"https:\/\/anoiaturisme.cat\/es\/tops-turisticos-de-la-anoia\/#primaryimage","url":"https:\/\/anoiaturisme.cat\/wp-content\/uploads\/\/TOPSANOIACATALA-1-425x600.jpg","contentUrl":"https:\/\/anoiaturisme.cat\/wp-content\/uploads\/\/TOPSANOIACATALA-1-425x600.jpg"},{"@type":"BreadcrumbList","@id":"https:\/\/anoiaturisme.cat\/es\/tops-turisticos-de-la-anoia\/#breadcrumb","itemListElement":[{"@type":"ListItem","position":1,"name":"Inici","item":"https:\/\/anoiaturisme.cat\/es\/"},{"@type":"ListItem","position":2,"name":"Tops tur\u00edsticos de la Anoia"}]},{"@type":"WebSite","@id":"https:\/\/anoiaturisme.cat\/#website","url":"https:\/\/anoiaturisme.cat\/","name":"Anoia Turisme","description":"Vine a con\u00e8xier l&#039;Anoia!","potentialAction":[{"@type":"SearchAction","target":{"@type":"EntryPoint","urlTemplate":"https:\/\/anoiaturisme.cat\/?s={search_term_string}"},"query-input":{"@type":"PropertyValueSpecification","valueRequired":true,"valueName":"search_term_string"}}],"inLanguage":"es"}]}},"_links":{"self":[{"href":"https:\/\/anoiaturisme.cat\/es\/wp-json\/wp\/v2\/pages\/31890","targetHints":{"allow":["GET"]}}],"collection":[{"href":"https:\/\/anoiaturisme.cat\/es\/wp-json\/wp\/v2\/pages"}],"about":[{"href":"https:\/\/anoiaturisme.cat\/es\/wp-json\/wp\/v2\/types\/page"}],"author":[{"embeddable":true,"href":"https:\/\/anoiaturisme.cat\/es\/wp-json\/wp\/v2\/users\/1"}],"replies":[{"embeddable":true,"href":"https:\/\/anoiaturisme.cat\/es\/wp-json\/wp\/v2\/comments?post=31890"}],"version-history":[{"count":0,"href":"https:\/\/anoiaturisme.cat\/es\/wp-json\/wp\/v2\/pages\/31890\/revisions"}],"wp:attachment":[{"href":"https:\/\/anoiaturisme.cat\/es\/wp-json\/wp\/v2\/media?parent=31890"}],"curies":[{"name":"wp","href":"https:\/\/api.w.org\/{rel}","templated":true}]}}