{"id":3303,"date":"2014-03-11T09:49:19","date_gmt":"2014-03-11T09:49:19","guid":{"rendered":"http:\/\/anoiaturisme.cat\/?page_id=3303"},"modified":"2016-04-19T09:56:07","modified_gmt":"2016-04-19T09:56:07","slug":"map-mix","status":"publish","type":"page","link":"https:\/\/anoiaturisme.cat\/es\/mapa\/map-mix\/","title":{"rendered":"Map Mix"},"content":{"rendered":"\r\n            \r\n            \r\n            \r\n            <a name='map5'><\/a>\r\n            <div class='wpgmza-marker-listing-category-filter' data-map-id='5' id='wpgmza_filter_5' style='text-align:left; margin-bottom:0px;'><span>Filter by<\/span><select mid=\"5\" id=\"wpgmza_filter_select\" name=\"wpgmza_filter_select\"><option value=\"0\">Todo<\/option><option value=\"5\">&nbsp;Art<\/option><option value=\"2\">&nbsp;Castells<\/option><option value=\"4\">&nbsp;Esports<\/option><option value=\"3\">&nbsp;Museus<\/option><\/select><\/div>\r\n            \r\n            \r\n            \r\n            <div class=\"wpgmza_map \"  id=\"wpgmza_map_5\" style=\"display:block; overflow:auto; width:100%; height:700px; float:left;\" data-settings='{\"id\":\"5\",\"map_title\":\"Anoia Destacats-CAT\",\"map_width\":\"100\",\"map_height\":\"700\",\"map_start_lat\":\"41.529673\",\"map_start_lng\":\"1.637718\",\"map_start_location\":\"41.529673155453544,1.6377181801757423\",\"map_start_zoom\":\"11\",\"default_marker\":\"\\\/\\\/anoiaturisme.cat\\\/wp-content\\\/uploads\\\/ico_Anoia.png\",\"type\":\"4\",\"alignment\":\"2\",\"directions_enabled\":\"0\",\"styling_enabled\":\"0\",\"styling_json\":\"\",\"active\":\"0\",\"kml\":\"\",\"bicycle\":\"1\",\"traffic\":\"0\",\"dbox\":\"1\",\"dbox_width\":\"500\",\"listmarkers\":\"0\",\"listmarkers_advanced\":\"0\",\"filterbycat\":\"1\",\"ugm_enabled\":\"0\",\"fusion\":\"\",\"map_width_type\":\"\\\\%\",\"map_height_type\":\"px\",\"mass_marker_support\":\"0\",\"ugm_access\":\"0\",\"order_markers_by\":\"5\",\"order_markers_choice\":\"2\",\"show_user_location\":\"1\",\"ugm_category_enabled\":\"0\",\"default_to\":\"\",\"other_settings\":{\"store_locator_enabled\":2,\"wpgmza_store_locator_restrict\":\"\",\"store_locator_distance\":2,\"store_locator_bounce\":1,\"store_locator_hide_before_search\":2,\"store_locator_use_their_location\":2,\"store_locator_name_search\":2,\"store_locator_category\":2,\"store_locator_query_string\":\"ZIP \\\/ Address:\",\"store_locator_name_string\":\"Title \\\/ Description:\",\"wpgmza_dbox_width_type\":\"px\",\"map_max_zoom\":\"3\",\"sl_stroke_color\":\"FF0000\",\"sl_stroke_opacity\":\"0.25\",\"sl_fill_color\":\"FF0000\",\"sl_fill_opacity\":\"0.15\",\"click_open_link\":2,\"weather_layer\":0,\"weather_layer_temp_type\":0,\"cloud_layer\":0,\"transport_layer\":0,\"wpgmza_iw_type\":\"0\",\"list_markers_by\":\"2\",\"push_in_map\":\"\",\"push_in_map_placement\":\"10\",\"wpgmza_push_in_map_width\":\"\",\"wpgmza_push_in_map_height\":\"\",\"wpgmza_theme_data\":\"\",\"shortcodeAttributes\":{\"id\":\"5\"}}}' data-map-id='5' data-shortcode-attributes='{\"id\":\"5\"}'> <\/div>\r\n            \r\n            <div data-wpgmza-table data-wpgmza-php-class=\"WPGMZA\\MarkerListing\\AdvancedTable\" data-wpgmza-rest-api-route=\"\/datatables\/\" data-wpgmza-datatable=\"true\" data-wpgmza-pro-datatable=\"true\" data-wpgmza-feature-type=\"marker\" data-order-json='[[2,\"desc\"]]' id=\"wpgmza_marker_holder_5\" class=\"wpgmza_marker_holder\" style=\"width:100%;\" data-wpgmza-ajax-parameters='{\"map_id\":\"5\"}'>\r\n\t\t\t<table class=\"responsive wpgmza_table\" id=\"wpgmza_table_5\" cellspacing=\"0\" cellpadding=\"0\" style=\"width:100%;\">\r\n\t\t\t\t<thead>\r\n\t\t\t\t<th data-wpgmza-column-name=\"icon\" id=\"wpgmza_map_list_icon\" class=\"wpgmza_table_marker\"><\/th><th data-wpgmza-column-name=\"title\" id=\"wpgmza_map_list_title\" class=\"all wpgmza_table_title\">T\u00edtulo<\/th><th data-wpgmza-column-name=\"category\" id=\"wpgmza_map_list_category\" class=\"wpgmza_table_category\">Categor\u00eda<\/th><th data-wpgmza-column-name=\"address\" id=\"wpgmza_map_list_address\" class=\"wpgmza_table_address\">Direcci\u00f3n<\/th><th data-wpgmza-column-name=\"description\" id=\"wpgmza_map_list_description\" class=\"wpgmza_table_description\">Descripci\u00f3n<\/th><th data-wpgmza-column-name=\"link\" id=\"wpgmza_map_list_link\" class=\"wpgmza_table_link\">Enlace<\/th><\/thead>\r\n\t\t\t\t\r\n\t\t\t<\/table>\r\n\t\t<\/div>   \r\n        \n","protected":false},"excerpt":{"rendered":"Filter byTodo&nbsp;Art&nbsp;Castells&nbsp;Esports&nbsp;Museus T\u00edtuloCategor\u00edaDirecci\u00f3nDescripci\u00f3nEnlace","protected":false},"author":1,"featured_media":0,"parent":3300,"menu_order":154,"comment_status":"open","ping_status":"closed","template":"page-mapas.php","meta":{"_acf_changed":false,"footnotes":""},"class_list":["post-3303","page","type-page","status-publish","hentry"],"acf":[],"yoast_head":"<!-- This site is optimized with the Yoast SEO plugin v26.8 - https:\/\/yoast.com\/product\/yoast-seo-wordpress\/ -->\n<title>Map Mix &#183; Anoia Turisme<\/title>\n<meta name=\"robots\" content=\"index, follow, max-snippet:-1, max-image-preview:large, max-video-preview:-1\" \/>\n<link rel=\"canonical\" href=\"http:\/\/anoiaturisme.cat\/es\/mapa\/map-mix\/\" \/>\n<meta property=\"og:locale\" content=\"es_ES\" \/>\n<meta property=\"og:type\" content=\"article\" \/>\n<meta property=\"og:title\" content=\"Map Mix &#183; Anoia Turisme\" \/>\n<meta property=\"og:url\" content=\"http:\/\/anoiaturisme.cat\/es\/mapa\/map-mix\/\" \/>\n<meta property=\"og:site_name\" content=\"Anoia Turisme\" \/>\n<meta property=\"article:publisher\" content=\"https:\/\/www.facebook.com\/anoiaturisme\/\" \/>\n<meta property=\"article:modified_time\" content=\"2016-04-19T09:56:07+00:00\" \/>\n<meta name=\"twitter:card\" content=\"summary_large_image\" \/>\n<meta name=\"twitter:site\" content=\"@anoia_turisme\" \/>\n<script type=\"application\/ld+json\" class=\"yoast-schema-graph\">{\"@context\":\"https:\/\/schema.org\",\"@graph\":[{\"@type\":\"WebPage\",\"@id\":\"http:\/\/anoiaturisme.cat\/es\/mapa\/map-mix\/\",\"url\":\"http:\/\/anoiaturisme.cat\/es\/mapa\/map-mix\/\",\"name\":\"Map Mix &#183; Anoia Turisme\",\"isPartOf\":{\"@id\":\"https:\/\/anoiaturisme.cat\/#website\"},\"datePublished\":\"2014-03-11T09:49:19+00:00\",\"dateModified\":\"2016-04-19T09:56:07+00:00\",\"breadcrumb\":{\"@id\":\"http:\/\/anoiaturisme.cat\/es\/mapa\/map-mix\/#breadcrumb\"},\"inLanguage\":\"es\",\"potentialAction\":[{\"@type\":\"ReadAction\",\"target\":[\"http:\/\/anoiaturisme.cat\/es\/mapa\/map-mix\/\"]}]},{\"@type\":\"BreadcrumbList\",\"@id\":\"http:\/\/anoiaturisme.cat\/es\/mapa\/map-mix\/#breadcrumb\",\"itemListElement\":[{\"@type\":\"ListItem\",\"position\":1,\"name\":\"Inici\",\"item\":\"https:\/\/anoiaturisme.cat\/es\/\"},{\"@type\":\"ListItem\",\"position\":2,\"name\":\"MAPA\",\"item\":\"https:\/\/anoiaturisme.cat\/es\/mapa\/\"},{\"@type\":\"ListItem\",\"position\":3,\"name\":\"Map Mix\"}]},{\"@type\":\"WebSite\",\"@id\":\"https:\/\/anoiaturisme.cat\/#website\",\"url\":\"https:\/\/anoiaturisme.cat\/\",\"name\":\"Anoia Turisme\",\"description\":\"Vine a con\u00e8xier l&#039;Anoia!\",\"potentialAction\":[{\"@type\":\"SearchAction\",\"target\":{\"@type\":\"EntryPoint\",\"urlTemplate\":\"https:\/\/anoiaturisme.cat\/?s={search_term_string}\"},\"query-input\":{\"@type\":\"PropertyValueSpecification\",\"valueRequired\":true,\"valueName\":\"search_term_string\"}}],\"inLanguage\":\"es\"}]}<\/script>\n<!-- \/ Yoast SEO plugin. -->","yoast_head_json":{"title":"Map Mix &#183; Anoia Turisme","robots":{"index":"index","follow":"follow","max-snippet":"max-snippet:-1","max-image-preview":"max-image-preview:large","max-video-preview":"max-video-preview:-1"},"canonical":"http:\/\/anoiaturisme.cat\/es\/mapa\/map-mix\/","og_locale":"es_ES","og_type":"article","og_title":"Map Mix &#183; Anoia Turisme","og_url":"http:\/\/anoiaturisme.cat\/es\/mapa\/map-mix\/","og_site_name":"Anoia Turisme","article_publisher":"https:\/\/www.facebook.com\/anoiaturisme\/","article_modified_time":"2016-04-19T09:56:07+00:00","twitter_card":"summary_large_image","twitter_site":"@anoia_turisme","schema":{"@context":"https:\/\/schema.org","@graph":[{"@type":"WebPage","@id":"http:\/\/anoiaturisme.cat\/es\/mapa\/map-mix\/","url":"http:\/\/anoiaturisme.cat\/es\/mapa\/map-mix\/","name":"Map Mix &#183; Anoia Turisme","isPartOf":{"@id":"https:\/\/anoiaturisme.cat\/#website"},"datePublished":"2014-03-11T09:49:19+00:00","dateModified":"2016-04-19T09:56:07+00:00","breadcrumb":{"@id":"http:\/\/anoiaturisme.cat\/es\/mapa\/map-mix\/#breadcrumb"},"inLanguage":"es","potentialAction":[{"@type":"ReadAction","target":["http:\/\/anoiaturisme.cat\/es\/mapa\/map-mix\/"]}]},{"@type":"BreadcrumbList","@id":"http:\/\/anoiaturisme.cat\/es\/mapa\/map-mix\/#breadcrumb","itemListElement":[{"@type":"ListItem","position":1,"name":"Inici","item":"https:\/\/anoiaturisme.cat\/es\/"},{"@type":"ListItem","position":2,"name":"MAPA","item":"https:\/\/anoiaturisme.cat\/es\/mapa\/"},{"@type":"ListItem","position":3,"name":"Map Mix"}]},{"@type":"WebSite","@id":"https:\/\/anoiaturisme.cat\/#website","url":"https:\/\/anoiaturisme.cat\/","name":"Anoia Turisme","description":"Vine a con\u00e8xier l&#039;Anoia!","potentialAction":[{"@type":"SearchAction","target":{"@type":"EntryPoint","urlTemplate":"https:\/\/anoiaturisme.cat\/?s={search_term_string}"},"query-input":{"@type":"PropertyValueSpecification","valueRequired":true,"valueName":"search_term_string"}}],"inLanguage":"es"}]}},"_links":{"self":[{"href":"https:\/\/anoiaturisme.cat\/es\/wp-json\/wp\/v2\/pages\/3303","targetHints":{"allow":["GET"]}}],"collection":[{"href":"https:\/\/anoiaturisme.cat\/es\/wp-json\/wp\/v2\/pages"}],"about":[{"href":"https:\/\/anoiaturisme.cat\/es\/wp-json\/wp\/v2\/types\/page"}],"author":[{"embeddable":true,"href":"https:\/\/anoiaturisme.cat\/es\/wp-json\/wp\/v2\/users\/1"}],"replies":[{"embeddable":true,"href":"https:\/\/anoiaturisme.cat\/es\/wp-json\/wp\/v2\/comments?post=3303"}],"version-history":[{"count":0,"href":"https:\/\/anoiaturisme.cat\/es\/wp-json\/wp\/v2\/pages\/3303\/revisions"}],"up":[{"embeddable":true,"href":"https:\/\/anoiaturisme.cat\/es\/wp-json\/wp\/v2\/pages\/3300"}],"wp:attachment":[{"href":"https:\/\/anoiaturisme.cat\/es\/wp-json\/wp\/v2\/media?parent=3303"}],"curies":[{"name":"wp","href":"https:\/\/api.w.org\/{rel}","templated":true}]}}