{"id":4750,"date":"2015-11-24T11:29:05","date_gmt":"2015-11-24T11:29:05","guid":{"rendered":"http:\/\/anoiaturisme.cat\/es\/?page_id=4750"},"modified":"2016-04-20T09:18:25","modified_gmt":"2016-04-20T09:18:25","slug":"ruta1_jorba_qr","status":"publish","type":"page","link":"https:\/\/anoiaturisme.cat\/es\/ruta1_jorba_qr\/","title":{"rendered":"Ruta1_Jorba_QR"},"content":{"rendered":"<!--[if lt IE 9]><script>document.createElement('audio');<\/script><![endif]-->\n<audio class=\"wp-audio-shortcode\" id=\"audio-4750-1\" preload=\"none\" style=\"width: 100%;\" controls=\"controls\"><source type=\"audio\/mpeg\" src=\"http:\/\/anoiaturisme.cat\/wp-content\/uploads\/track_jorba_esp.mp3?_=1\" \/><a href=\"http:\/\/anoiaturisme.cat\/wp-content\/uploads\/track_jorba_esp.mp3\">http:\/\/anoiaturisme.cat\/wp-content\/uploads\/track_jorba_esp.mp3<\/a><\/audio>\n<div style=\"background-color: #c8b279; color: white; padding: 12px;\">\n<h1 style=\"font-size: 150%;\">Guerau de Jorba<\/h1>\n<\/div>\n<p>[accordion]<br \/>\n[toggle title=\u00bbAPARIENCIA\u00bb]<\/p>\n<img loading=\"lazy\" decoding=\"async\" class=\"alignleft size-full wp-image-4160 RWD_img\" src=\"\/wp-content\/themes\/AnoiaTurisme\/library\/images\/Terra-de-Castells\/Ruta1\/gueraujorba.jpg\" alt=\"Apariencia\" width=\"223\" height=\"328\" \/>\n<p>[\/toggle]<\/p>\n<p>[toggle title=\u00bbBIOGRAFI\u0301A\u00bb]<\/p>\n<h2>Guerau de Jorba<\/h2>\n<p>Guerau de Jorba proced\u00eda de una familia poderosa en Cervera y en sus alrededores. Mientras que su hermano Guillem recibi\u00f3 Cervera y otras posesiones de la Segarra, Guerau empez\u00f3 a construir su centro de poder en la Anoia, donde pose\u00eda los castillos de Jorba, de Montmaneu, de Veciana, de Tous, de \u00d3dena y de Castellol\u00ed. Aunque esto le convert\u00eda en un hombre poderoso, Guerau no ten\u00eda suficiente. Hizo carrera en la corte de Barcelona y, de la mano del conde Ramon Berenguer IV, particip\u00f3 en la conquista de Tortosa y Lleida. Cuando a\u00fan no ten\u00eda 20 a\u00f1os, sus posesiones ya llegaban hasta el Segri\u00e1, pero hab\u00eda conseguido ser algo m\u00e1s: aparte de un hombre muy rico, fue consejero personal del conde de Barcelona. Muerto el conde y con el rey ni\u00f1o Alfonso, se abr\u00eda un periodo de regencia que perjudicaba sus intereses. Guerau ten\u00eda que mover ficha, y lo hizo de forma notoria&#8230;  <\/p>\n<p>[\/toggle]<br \/>\n[toggle title=\u00bbESCUDO\u00bb]<br \/>\n<img loading=\"lazy\" decoding=\"async\" class=\"alignleft size-full wp-image-4160 RWD_img\" src=\"http:\/\/anoiaturisme.cat\/wp-content\/themes\/AnoiaTurisme\/library\/images\/Terra-de-Castells\/Ruta1\/barcelona.jpg\" alt=\"Escudo\" width=\"223\" height=\"328\" \/><br \/>\n[\/toggle]<br \/>\n[toggle title=\u00bbLINAJE\u00bb]<\/p>\n<h1>El condado de Barcelona. La semilla de Catalu\u00f1a<\/h1>\n<p>La perla de la herencia de Wifredo el Velloso era el condado de Barcelona. A excepci\u00f3n de momentos puntuales, el t\u00edtulo acostumbraba a ir acompa\u00f1ado del condado de Osona, lo que implicaba el control de pr\u00e1cticamente toda la comarca actual de la Anoia. El casal de Barcelona era reconocido por los dem\u00e1s condados como el m\u00e1s importante, y lider\u00f3 algunas acciones de guerra conjuntas. En ese momento naci\u00f3 el concepto de Principado de Catalu\u00f1a. A pesar de ello, se produjeron conflictos internos entre los condes y la peque\u00f1a nobleza que fueron la ra\u00edz del feudalismo. Los cambios tambi\u00e9n se notaron en la pol\u00edtica fronteriza: \u00bfqu\u00e9 era m\u00e1s rentable, cobrar impuestos a los territorios musulmanes vecinos o conquistarlos?<\/p>\n<p>[\/toggle]<br \/>\n[toggle title=\u00bbRUTA\u00bb]<br \/>\n<img loading=\"lazy\" decoding=\"async\" class=\"alignleft size-full wp-image-4160 RWD_img\" src=\"http:\/\/anoiaturisme.cat\/wp-content\/themes\/AnoiaTurisme\/library\/images\/Terra-de-Castells\/Ruta1\/portada-RUTA1-CASTELLA.jpg\" alt=\"Ruta\" width=\"223\" height=\"328\" \/><br \/>\n[\/toggle]<br \/>\n[toggle title=\u00bbINTRODUCCIO\u0301N\u00bb]<\/p>\n<h1>La herencia de Wifredo el Velloso<br \/>\n(siglos XI-XII)<\/h1>\n<p>En la \u00e9poca de Wifredo el Velloso, toda la comarca de la Anoia qued\u00f3 incorporada a sus condados. No obstante, 100 a\u00f1os despu\u00e9s todav\u00eda no era un territorio seguro. La d\u00e9bil frontera que separaba a los cristianos de los sarracenos a menudo era traspasada por las espadas. Y, los primeros en sufrirlo, los m\u00e1s vulnerables, eran siempre los colones.<\/p>\n<p>A lo largo de la primera mitad del siglo XI, los herederos de Wifredo lucharon por conservar este territorio promoviendo repoblamientos, levantando fortificaciones y, cuando ten\u00edan la ocasi\u00f3n, saliendo al ataque. Pero todo cambi\u00f3 a mediados del siglo XI. El aumento del poder de los condes y la divisi\u00f3n del califato de C\u00f3rdoba en taifas no propici\u00f3 un avance de la frontera, sino un estancamiento, ya que los condes prefer\u00edan cobrar tasas a las taifas andalus\u00edes y expandirse hacia Occitania. En el siglo XII, los condados catalanes ya eran maduros y fuertes, y optaron por derrumbar la frontera que se hab\u00edan autoimpuesto en el sur.<\/p>\n<p>Durante aquellos 150 a\u00f1os, se movieron por la comarca de la Anoia grandes personajes: nobles, obispos, guerreros y diplom\u00e1ticos. Todos ellos dejaron huella y todos protagonizaron luchas memorables.<\/p>\n<p>[\/toggle]<br \/>\n[\/accordion]<\/p>\n","protected":false},"excerpt":{"rendered":"<p>Guerau de Jorba [accordion] [toggle title=\u00bbAPARIENCIA\u00bb] [\/toggle] [toggle title=\u00bbBIOGRAFI\u0301A\u00bb] Guerau de Jorba Guerau de Jorba proced\u00eda de una familia poderosa en Cervera y en sus alrededores. Mientras que su hermano Guillem recibi\u00f3 Cervera y otras posesiones de la Segarra, Guerau empez\u00f3 a construir su centro de poder en la Anoia, donde pose\u00eda los castillos de&#8230;  <a class=\"excerpt-read-more\" href=\"https:\/\/anoiaturisme.cat\/es\/ruta1_jorba_qr\/\" title=\"ReadRuta1_Jorba_QR\">Read more &raquo;<\/a><\/p>\n","protected":false},"author":1,"featured_media":0,"parent":0,"menu_order":121,"comment_status":"closed","ping_status":"closed","template":"page-castells-ruta1.php","meta":{"_acf_changed":false,"footnotes":""},"class_list":["post-4750","page","type-page","status-publish","hentry"],"acf":[],"yoast_head":"<!-- This site is optimized with the Yoast SEO plugin v26.8 - https:\/\/yoast.com\/product\/yoast-seo-wordpress\/ -->\n<title>Ruta1_Jorba_QR &#183; Anoia Turisme<\/title>\n<meta name=\"robots\" content=\"index, follow, max-snippet:-1, max-image-preview:large, max-video-preview:-1\" \/>\n<link rel=\"canonical\" href=\"https:\/\/anoiaturisme.cat\/es\/ruta1_jorba_qr\/\" \/>\n<meta property=\"og:locale\" content=\"es_ES\" \/>\n<meta property=\"og:type\" content=\"article\" \/>\n<meta property=\"og:title\" content=\"Ruta1_Jorba_QR &#183; Anoia Turisme\" \/>\n<meta property=\"og:description\" content=\"Guerau de Jorba [accordion] [toggle title=\u00bbAPARIENCIA\u00bb] [\/toggle] [toggle title=\u00bbBIOGRAFI\u0301A\u00bb] Guerau de Jorba Guerau de Jorba proced\u00eda de una familia poderosa en Cervera y en sus alrededores. Mientras que su hermano Guillem recibi\u00f3 Cervera y otras posesiones de la Segarra, Guerau empez\u00f3 a construir su centro de poder en la Anoia, donde pose\u00eda los castillos de... Read more &raquo;\" \/>\n<meta property=\"og:url\" content=\"https:\/\/anoiaturisme.cat\/es\/ruta1_jorba_qr\/\" \/>\n<meta property=\"og:site_name\" content=\"Anoia Turisme\" \/>\n<meta property=\"article:publisher\" content=\"https:\/\/www.facebook.com\/anoiaturisme\/\" \/>\n<meta property=\"article:modified_time\" content=\"2016-04-20T09:18:25+00:00\" \/>\n<meta property=\"og:image\" content=\"http:\/\/anoiaturisme.cat\/wp-content\/themes\/AnoiaTurisme\/library\/images\/Terra-de-Castells\/Ruta1\/barcelona.jpg\" \/>\n<meta name=\"twitter:card\" content=\"summary_large_image\" \/>\n<meta name=\"twitter:site\" content=\"@anoia_turisme\" \/>\n<meta name=\"twitter:label1\" content=\"Tiempo de lectura\" \/>\n\t<meta name=\"twitter:data1\" content=\"3 minutos\" \/>\n<script type=\"application\/ld+json\" class=\"yoast-schema-graph\">{\"@context\":\"https:\/\/schema.org\",\"@graph\":[{\"@type\":\"WebPage\",\"@id\":\"https:\/\/anoiaturisme.cat\/es\/ruta1_jorba_qr\/\",\"url\":\"https:\/\/anoiaturisme.cat\/es\/ruta1_jorba_qr\/\",\"name\":\"Ruta1_Jorba_QR &#183; Anoia Turisme\",\"isPartOf\":{\"@id\":\"https:\/\/anoiaturisme.cat\/#website\"},\"primaryImageOfPage\":{\"@id\":\"https:\/\/anoiaturisme.cat\/es\/ruta1_jorba_qr\/#primaryimage\"},\"image\":{\"@id\":\"https:\/\/anoiaturisme.cat\/es\/ruta1_jorba_qr\/#primaryimage\"},\"thumbnailUrl\":\"http:\/\/anoiaturisme.cat\/wp-content\/themes\/AnoiaTurisme\/library\/images\/Terra-de-Castells\/Ruta1\/barcelona.jpg\",\"datePublished\":\"2015-11-24T11:29:05+00:00\",\"dateModified\":\"2016-04-20T09:18:25+00:00\",\"breadcrumb\":{\"@id\":\"https:\/\/anoiaturisme.cat\/es\/ruta1_jorba_qr\/#breadcrumb\"},\"inLanguage\":\"es\",\"potentialAction\":[{\"@type\":\"ReadAction\",\"target\":[\"https:\/\/anoiaturisme.cat\/es\/ruta1_jorba_qr\/\"]}]},{\"@type\":\"ImageObject\",\"inLanguage\":\"es\",\"@id\":\"https:\/\/anoiaturisme.cat\/es\/ruta1_jorba_qr\/#primaryimage\",\"url\":\"http:\/\/anoiaturisme.cat\/wp-content\/themes\/AnoiaTurisme\/library\/images\/Terra-de-Castells\/Ruta1\/barcelona.jpg\",\"contentUrl\":\"http:\/\/anoiaturisme.cat\/wp-content\/themes\/AnoiaTurisme\/library\/images\/Terra-de-Castells\/Ruta1\/barcelona.jpg\"},{\"@type\":\"BreadcrumbList\",\"@id\":\"https:\/\/anoiaturisme.cat\/es\/ruta1_jorba_qr\/#breadcrumb\",\"itemListElement\":[{\"@type\":\"ListItem\",\"position\":1,\"name\":\"Inici\",\"item\":\"https:\/\/anoiaturisme.cat\/es\/\"},{\"@type\":\"ListItem\",\"position\":2,\"name\":\"Ruta1_Jorba_QR\"}]},{\"@type\":\"WebSite\",\"@id\":\"https:\/\/anoiaturisme.cat\/#website\",\"url\":\"https:\/\/anoiaturisme.cat\/\",\"name\":\"Anoia Turisme\",\"description\":\"Vine a con\u00e8xier l&#039;Anoia!\",\"potentialAction\":[{\"@type\":\"SearchAction\",\"target\":{\"@type\":\"EntryPoint\",\"urlTemplate\":\"https:\/\/anoiaturisme.cat\/?s={search_term_string}\"},\"query-input\":{\"@type\":\"PropertyValueSpecification\",\"valueRequired\":true,\"valueName\":\"search_term_string\"}}],\"inLanguage\":\"es\"}]}<\/script>\n<!-- \/ Yoast SEO plugin. -->","yoast_head_json":{"title":"Ruta1_Jorba_QR &#183; Anoia Turisme","robots":{"index":"index","follow":"follow","max-snippet":"max-snippet:-1","max-image-preview":"max-image-preview:large","max-video-preview":"max-video-preview:-1"},"canonical":"https:\/\/anoiaturisme.cat\/es\/ruta1_jorba_qr\/","og_locale":"es_ES","og_type":"article","og_title":"Ruta1_Jorba_QR &#183; Anoia Turisme","og_description":"Guerau de Jorba [accordion] [toggle title=\u00bbAPARIENCIA\u00bb] [\/toggle] [toggle title=\u00bbBIOGRAFI\u0301A\u00bb] Guerau de Jorba Guerau de Jorba proced\u00eda de una familia poderosa en Cervera y en sus alrededores. Mientras que su hermano Guillem recibi\u00f3 Cervera y otras posesiones de la Segarra, Guerau empez\u00f3 a construir su centro de poder en la Anoia, donde pose\u00eda los castillos de... Read more &raquo;","og_url":"https:\/\/anoiaturisme.cat\/es\/ruta1_jorba_qr\/","og_site_name":"Anoia Turisme","article_publisher":"https:\/\/www.facebook.com\/anoiaturisme\/","article_modified_time":"2016-04-20T09:18:25+00:00","og_image":[{"url":"http:\/\/anoiaturisme.cat\/wp-content\/themes\/AnoiaTurisme\/library\/images\/Terra-de-Castells\/Ruta1\/barcelona.jpg","type":"","width":"","height":""}],"twitter_card":"summary_large_image","twitter_site":"@anoia_turisme","twitter_misc":{"Tiempo de lectura":"3 minutos"},"schema":{"@context":"https:\/\/schema.org","@graph":[{"@type":"WebPage","@id":"https:\/\/anoiaturisme.cat\/es\/ruta1_jorba_qr\/","url":"https:\/\/anoiaturisme.cat\/es\/ruta1_jorba_qr\/","name":"Ruta1_Jorba_QR &#183; Anoia Turisme","isPartOf":{"@id":"https:\/\/anoiaturisme.cat\/#website"},"primaryImageOfPage":{"@id":"https:\/\/anoiaturisme.cat\/es\/ruta1_jorba_qr\/#primaryimage"},"image":{"@id":"https:\/\/anoiaturisme.cat\/es\/ruta1_jorba_qr\/#primaryimage"},"thumbnailUrl":"http:\/\/anoiaturisme.cat\/wp-content\/themes\/AnoiaTurisme\/library\/images\/Terra-de-Castells\/Ruta1\/barcelona.jpg","datePublished":"2015-11-24T11:29:05+00:00","dateModified":"2016-04-20T09:18:25+00:00","breadcrumb":{"@id":"https:\/\/anoiaturisme.cat\/es\/ruta1_jorba_qr\/#breadcrumb"},"inLanguage":"es","potentialAction":[{"@type":"ReadAction","target":["https:\/\/anoiaturisme.cat\/es\/ruta1_jorba_qr\/"]}]},{"@type":"ImageObject","inLanguage":"es","@id":"https:\/\/anoiaturisme.cat\/es\/ruta1_jorba_qr\/#primaryimage","url":"http:\/\/anoiaturisme.cat\/wp-content\/themes\/AnoiaTurisme\/library\/images\/Terra-de-Castells\/Ruta1\/barcelona.jpg","contentUrl":"http:\/\/anoiaturisme.cat\/wp-content\/themes\/AnoiaTurisme\/library\/images\/Terra-de-Castells\/Ruta1\/barcelona.jpg"},{"@type":"BreadcrumbList","@id":"https:\/\/anoiaturisme.cat\/es\/ruta1_jorba_qr\/#breadcrumb","itemListElement":[{"@type":"ListItem","position":1,"name":"Inici","item":"https:\/\/anoiaturisme.cat\/es\/"},{"@type":"ListItem","position":2,"name":"Ruta1_Jorba_QR"}]},{"@type":"WebSite","@id":"https:\/\/anoiaturisme.cat\/#website","url":"https:\/\/anoiaturisme.cat\/","name":"Anoia Turisme","description":"Vine a con\u00e8xier l&#039;Anoia!","potentialAction":[{"@type":"SearchAction","target":{"@type":"EntryPoint","urlTemplate":"https:\/\/anoiaturisme.cat\/?s={search_term_string}"},"query-input":{"@type":"PropertyValueSpecification","valueRequired":true,"valueName":"search_term_string"}}],"inLanguage":"es"}]}},"_links":{"self":[{"href":"https:\/\/anoiaturisme.cat\/es\/wp-json\/wp\/v2\/pages\/4750","targetHints":{"allow":["GET"]}}],"collection":[{"href":"https:\/\/anoiaturisme.cat\/es\/wp-json\/wp\/v2\/pages"}],"about":[{"href":"https:\/\/anoiaturisme.cat\/es\/wp-json\/wp\/v2\/types\/page"}],"author":[{"embeddable":true,"href":"https:\/\/anoiaturisme.cat\/es\/wp-json\/wp\/v2\/users\/1"}],"replies":[{"embeddable":true,"href":"https:\/\/anoiaturisme.cat\/es\/wp-json\/wp\/v2\/comments?post=4750"}],"version-history":[{"count":0,"href":"https:\/\/anoiaturisme.cat\/es\/wp-json\/wp\/v2\/pages\/4750\/revisions"}],"wp:attachment":[{"href":"https:\/\/anoiaturisme.cat\/es\/wp-json\/wp\/v2\/media?parent=4750"}],"curies":[{"name":"wp","href":"https:\/\/api.w.org\/{rel}","templated":true}]}}