{"id":4782,"date":"2016-03-10T17:37:17","date_gmt":"2016-03-10T17:37:17","guid":{"rendered":"http:\/\/anoiaturisme.cat\/es\/?page_id=4782"},"modified":"2016-04-20T09:33:28","modified_gmt":"2016-04-20T09:33:28","slug":"ruta1_boixadors_qr_l_abat_oliba","status":"publish","type":"page","link":"https:\/\/anoiaturisme.cat\/es\/ruta1_boixadors_qr\/ruta1_boixadors_qr_l_abat_oliba\/","title":{"rendered":"Ruta1_Boixadors_QR_L_abat_Oliba"},"content":{"rendered":"<!--[if lt IE 9]><script>document.createElement('audio');<\/script><![endif]-->\n<audio class=\"wp-audio-shortcode\" id=\"audio-4782-1\" preload=\"none\" style=\"width: 100%;\" controls=\"controls\"><source type=\"audio\/mpeg\" src=\"http:\/\/anoiaturisme.cat\/wp-content\/uploads\/track_boixadors_esp.mp3?_=1\" \/><a href=\"http:\/\/anoiaturisme.cat\/wp-content\/uploads\/track_boixadors_esp.mp3\">http:\/\/anoiaturisme.cat\/wp-content\/uploads\/track_boixadors_esp.mp3<\/a><\/audio>\n<div style=\"background-color: #c8b279; color: white; padding: 12px;\">\n<h1 style=\"font-size: 150%;\">L\u2019abat Oliba<\/h1>\n<\/div>\n<p>[accordion]<br \/>\n[toggle title=\u00bbAPARIENCIA\u00bb]<\/p>\n<img loading=\"lazy\" decoding=\"async\" class=\"alignleft size-full wp-image-4160 RWD_img\" src=\"\/wp-content\/themes\/AnoiaTurisme\/library\/images\/Terra-de-Castells\/Ruta1\/abatoliba.jpg\" alt=\"Apariencia\" width=\"223\" height=\"328\" \/>\n<p>[\/toggle]<\/p>\n<p>[toggle title=\u00bbBIOGRAFI\u0301A\u00bb]<\/p>\n<h2>El abat Oliba<\/h2>\n<p>El abad Oliba era hijo de Oliba Cabreta, conde de Cerdanya y Besal\u00fa. Cuando su padre se retir\u00f3 para hacerse monje, Oliba recibi\u00f3 el condado de Berga con solo 17 a\u00f1os. Pocos a\u00f1os despu\u00e9s, decidi\u00f3 seguir los pasos de su padre y hacerse monje, y dej\u00f3 el condado de Berga a su hermano, Guifr\u00e9 II de Cerda\u00f1a. A pesar de ello, era un hombre con ambici\u00f3n y pronto consigui\u00f3 ser abad de tres monasterios. Su ascenso no pas\u00f3 desapercibido en la casa condal de Barcelona, y la condesa Ermessenda contribuy\u00f3 a que lo proclamaran obispo de Vic. A cambio, Ermessenda ganaba un aliado para frenar a los vizcondes de Cardona en la comarca de la Anoia.  <\/p>\n<p>[\/toggle]<br \/>\n[toggle title=\u00bbESCUDO\u00bb]<br \/>\n<img loading=\"lazy\" decoding=\"async\" class=\"alignleft size-full wp-image-4160 RWD_img\" src=\"http:\/\/anoiaturisme.cat\/wp-content\/themes\/AnoiaTurisme\/library\/images\/Terra-de-Castells\/Ruta1\/vic.jpg\" alt=\"Escudo\" width=\"223\" height=\"328\" \/><br \/>\n[\/toggle]<br \/>\n[toggle title=\u00bbLINAJE\u00bb]<\/p>\n<h1>El obispado de Vic. La cruz y la espada<\/h1>\n<p>En \u00e9poca visigoda, la ciudad de Ausa (que despu\u00e9s tom\u00f3 el nombre de Vic) fue sede episcopal. Tras la interrupci\u00f3n por la conquista musulmana, Vic volvi\u00f3 a tener obispos a finales del siglo IX, en \u00e9poca de Wifredo el Velloso.<br \/>\nAdem\u00e1s de sus funciones religiosas, los obispados tambi\u00e9n ten\u00edan un poder territorial important\u00edsimo, y Vic no era una excepci\u00f3n. A principios del siglo XI, los condes de Barcelona le cedieron el poder sobre buena parte del norte y del oeste de la comarca de la Anoia. Pero no era un regalo a cambio de nada: quien recibe un territorio de frontera, tiene que ocuparse de defenderlo, en algunas ocasiones con la espada y, en otras, con el arado.<\/p>\n<p>[\/toggle]<br \/>\n[toggle title=\u00bbRUTA\u00bb]<br \/>\n<img loading=\"lazy\" decoding=\"async\" class=\"alignleft size-full wp-image-4160 RWD_img\" src=\"http:\/\/anoiaturisme.cat\/wp-content\/themes\/AnoiaTurisme\/library\/images\/Terra-de-Castells\/Ruta1\/portada-RUTA1-CASTELLA.jpg\" alt=\"Ruta\" width=\"223\" height=\"328\" \/><br \/>\n[\/toggle]<br \/>\n[toggle title=\u00bbINTRODUCCI\u00d3N\u00bb]<\/p>\n<h1>La herencia de Wifredo el Velloso<br \/>\n(siglos XI-XII)<\/h1>\n<p>En la \u00e9poca de Wifredo el Velloso, toda la comarca de la Anoia qued\u00f3 incorporada a sus condados. No obstante, 100 a\u00f1os despu\u00e9s todav\u00eda no era un territorio seguro. La d\u00e9bil frontera que separaba a los cristianos de los sarracenos a menudo era traspasada por las espadas. Y, los primeros en sufrirlo, los m\u00e1s vulnerables, eran siempre los colones.<\/p>\n<p>A lo largo de la primera mitad del siglo XI, los herederos de Wifredo lucharon por conservar este territorio promoviendo repoblamientos, levantando fortificaciones y, cuando ten\u00edan la ocasi\u00f3n, saliendo al ataque. Pero todo cambi\u00f3 a mediados del siglo XI. El aumento del poder de los condes y la divisi\u00f3n del califato de C\u00f3rdoba en taifas no propici\u00f3 un avance de la frontera, sino un estancamiento, ya que los condes prefer\u00edan cobrar tasas a las taifas andalus\u00edes y expandirse hacia Occitania. En el siglo XII, los condados catalanes ya eran maduros y fuertes, y optaron por derrumbar la frontera que se hab\u00edan autoimpuesto en el sur.<\/p>\n<p>Durante aquellos 150 a\u00f1os, se movieron por la comarca de la Anoia grandes personajes: nobles, obispos, guerreros y diplom\u00e1ticos. Todos ellos dejaron huella y todos protagonizaron luchas memorables.<\/p>\n<p>[\/toggle]<br \/>\n[\/accordion]<\/p>\n","protected":false},"excerpt":{"rendered":"<p>L\u2019abat Oliba [accordion] [toggle title=\u00bbAPARIENCIA\u00bb] [\/toggle] [toggle title=\u00bbBIOGRAFI\u0301A\u00bb] El abat Oliba El abad Oliba era hijo de Oliba Cabreta, conde de Cerdanya y Besal\u00fa. Cuando su padre se retir\u00f3 para hacerse monje, Oliba recibi\u00f3 el condado de Berga con solo 17 a\u00f1os. Pocos a\u00f1os despu\u00e9s, decidi\u00f3 seguir los pasos de su padre y hacerse monje,&#8230;  <a class=\"excerpt-read-more\" href=\"https:\/\/anoiaturisme.cat\/es\/ruta1_boixadors_qr\/ruta1_boixadors_qr_l_abat_oliba\/\" title=\"ReadRuta1_Boixadors_QR_L_abat_Oliba\">Read more &raquo;<\/a><\/p>\n","protected":false},"author":1,"featured_media":0,"parent":4779,"menu_order":17,"comment_status":"closed","ping_status":"closed","template":"page-castells-ruta1.php","meta":{"_acf_changed":false,"footnotes":""},"class_list":["post-4782","page","type-page","status-publish","hentry"],"acf":[],"yoast_head":"<!-- This site is optimized with the Yoast SEO plugin v26.8 - https:\/\/yoast.com\/product\/yoast-seo-wordpress\/ -->\n<title>Ruta1_Boixadors_QR_L_abat_Oliba &#183; Anoia Turisme<\/title>\n<meta name=\"robots\" content=\"index, follow, max-snippet:-1, max-image-preview:large, max-video-preview:-1\" \/>\n<link rel=\"canonical\" href=\"https:\/\/anoiaturisme.cat\/es\/ruta1_boixadors_qr\/ruta1_boixadors_qr_l_abat_oliba\/\" \/>\n<meta property=\"og:locale\" content=\"es_ES\" \/>\n<meta property=\"og:type\" content=\"article\" \/>\n<meta property=\"og:title\" content=\"Ruta1_Boixadors_QR_L_abat_Oliba &#183; Anoia Turisme\" \/>\n<meta property=\"og:description\" content=\"L\u2019abat Oliba [accordion] [toggle title=\u00bbAPARIENCIA\u00bb] [\/toggle] [toggle title=\u00bbBIOGRAFI\u0301A\u00bb] El abat Oliba El abad Oliba era hijo de Oliba Cabreta, conde de Cerdanya y Besal\u00fa. Cuando su padre se retir\u00f3 para hacerse monje, Oliba recibi\u00f3 el condado de Berga con solo 17 a\u00f1os. Pocos a\u00f1os despu\u00e9s, decidi\u00f3 seguir los pasos de su padre y hacerse monje,... Read more &raquo;\" \/>\n<meta property=\"og:url\" content=\"https:\/\/anoiaturisme.cat\/es\/ruta1_boixadors_qr\/ruta1_boixadors_qr_l_abat_oliba\/\" \/>\n<meta property=\"og:site_name\" content=\"Anoia Turisme\" \/>\n<meta property=\"article:publisher\" content=\"https:\/\/www.facebook.com\/anoiaturisme\/\" \/>\n<meta property=\"article:modified_time\" content=\"2016-04-20T09:33:28+00:00\" \/>\n<meta property=\"og:image\" content=\"http:\/\/anoiaturisme.cat\/wp-content\/themes\/AnoiaTurisme\/library\/images\/Terra-de-Castells\/Ruta1\/vic.jpg\" \/>\n<meta name=\"twitter:card\" content=\"summary_large_image\" \/>\n<meta name=\"twitter:site\" content=\"@anoia_turisme\" \/>\n<meta name=\"twitter:label1\" content=\"Tiempo de lectura\" \/>\n\t<meta name=\"twitter:data1\" content=\"3 minutos\" \/>\n<script type=\"application\/ld+json\" class=\"yoast-schema-graph\">{\"@context\":\"https:\/\/schema.org\",\"@graph\":[{\"@type\":\"WebPage\",\"@id\":\"https:\/\/anoiaturisme.cat\/es\/ruta1_boixadors_qr\/ruta1_boixadors_qr_l_abat_oliba\/\",\"url\":\"https:\/\/anoiaturisme.cat\/es\/ruta1_boixadors_qr\/ruta1_boixadors_qr_l_abat_oliba\/\",\"name\":\"Ruta1_Boixadors_QR_L_abat_Oliba &#183; Anoia Turisme\",\"isPartOf\":{\"@id\":\"https:\/\/anoiaturisme.cat\/#website\"},\"primaryImageOfPage\":{\"@id\":\"https:\/\/anoiaturisme.cat\/es\/ruta1_boixadors_qr\/ruta1_boixadors_qr_l_abat_oliba\/#primaryimage\"},\"image\":{\"@id\":\"https:\/\/anoiaturisme.cat\/es\/ruta1_boixadors_qr\/ruta1_boixadors_qr_l_abat_oliba\/#primaryimage\"},\"thumbnailUrl\":\"http:\/\/anoiaturisme.cat\/wp-content\/themes\/AnoiaTurisme\/library\/images\/Terra-de-Castells\/Ruta1\/vic.jpg\",\"datePublished\":\"2016-03-10T17:37:17+00:00\",\"dateModified\":\"2016-04-20T09:33:28+00:00\",\"breadcrumb\":{\"@id\":\"https:\/\/anoiaturisme.cat\/es\/ruta1_boixadors_qr\/ruta1_boixadors_qr_l_abat_oliba\/#breadcrumb\"},\"inLanguage\":\"es\",\"potentialAction\":[{\"@type\":\"ReadAction\",\"target\":[\"https:\/\/anoiaturisme.cat\/es\/ruta1_boixadors_qr\/ruta1_boixadors_qr_l_abat_oliba\/\"]}]},{\"@type\":\"ImageObject\",\"inLanguage\":\"es\",\"@id\":\"https:\/\/anoiaturisme.cat\/es\/ruta1_boixadors_qr\/ruta1_boixadors_qr_l_abat_oliba\/#primaryimage\",\"url\":\"http:\/\/anoiaturisme.cat\/wp-content\/themes\/AnoiaTurisme\/library\/images\/Terra-de-Castells\/Ruta1\/vic.jpg\",\"contentUrl\":\"http:\/\/anoiaturisme.cat\/wp-content\/themes\/AnoiaTurisme\/library\/images\/Terra-de-Castells\/Ruta1\/vic.jpg\"},{\"@type\":\"BreadcrumbList\",\"@id\":\"https:\/\/anoiaturisme.cat\/es\/ruta1_boixadors_qr\/ruta1_boixadors_qr_l_abat_oliba\/#breadcrumb\",\"itemListElement\":[{\"@type\":\"ListItem\",\"position\":1,\"name\":\"Inici\",\"item\":\"https:\/\/anoiaturisme.cat\/es\/\"},{\"@type\":\"ListItem\",\"position\":2,\"name\":\"Ruta1_Boixadors_QR\",\"item\":\"https:\/\/anoiaturisme.cat\/es\/ruta1_boixadors_qr\/\"},{\"@type\":\"ListItem\",\"position\":3,\"name\":\"Ruta1_Boixadors_QR_L_abat_Oliba\"}]},{\"@type\":\"WebSite\",\"@id\":\"https:\/\/anoiaturisme.cat\/#website\",\"url\":\"https:\/\/anoiaturisme.cat\/\",\"name\":\"Anoia Turisme\",\"description\":\"Vine a con\u00e8xier l&#039;Anoia!\",\"potentialAction\":[{\"@type\":\"SearchAction\",\"target\":{\"@type\":\"EntryPoint\",\"urlTemplate\":\"https:\/\/anoiaturisme.cat\/?s={search_term_string}\"},\"query-input\":{\"@type\":\"PropertyValueSpecification\",\"valueRequired\":true,\"valueName\":\"search_term_string\"}}],\"inLanguage\":\"es\"}]}<\/script>\n<!-- \/ Yoast SEO plugin. -->","yoast_head_json":{"title":"Ruta1_Boixadors_QR_L_abat_Oliba &#183; Anoia Turisme","robots":{"index":"index","follow":"follow","max-snippet":"max-snippet:-1","max-image-preview":"max-image-preview:large","max-video-preview":"max-video-preview:-1"},"canonical":"https:\/\/anoiaturisme.cat\/es\/ruta1_boixadors_qr\/ruta1_boixadors_qr_l_abat_oliba\/","og_locale":"es_ES","og_type":"article","og_title":"Ruta1_Boixadors_QR_L_abat_Oliba &#183; Anoia Turisme","og_description":"L\u2019abat Oliba [accordion] [toggle title=\u00bbAPARIENCIA\u00bb] [\/toggle] [toggle title=\u00bbBIOGRAFI\u0301A\u00bb] El abat Oliba El abad Oliba era hijo de Oliba Cabreta, conde de Cerdanya y Besal\u00fa. Cuando su padre se retir\u00f3 para hacerse monje, Oliba recibi\u00f3 el condado de Berga con solo 17 a\u00f1os. Pocos a\u00f1os despu\u00e9s, decidi\u00f3 seguir los pasos de su padre y hacerse monje,... Read more &raquo;","og_url":"https:\/\/anoiaturisme.cat\/es\/ruta1_boixadors_qr\/ruta1_boixadors_qr_l_abat_oliba\/","og_site_name":"Anoia Turisme","article_publisher":"https:\/\/www.facebook.com\/anoiaturisme\/","article_modified_time":"2016-04-20T09:33:28+00:00","og_image":[{"url":"http:\/\/anoiaturisme.cat\/wp-content\/themes\/AnoiaTurisme\/library\/images\/Terra-de-Castells\/Ruta1\/vic.jpg","type":"","width":"","height":""}],"twitter_card":"summary_large_image","twitter_site":"@anoia_turisme","twitter_misc":{"Tiempo de lectura":"3 minutos"},"schema":{"@context":"https:\/\/schema.org","@graph":[{"@type":"WebPage","@id":"https:\/\/anoiaturisme.cat\/es\/ruta1_boixadors_qr\/ruta1_boixadors_qr_l_abat_oliba\/","url":"https:\/\/anoiaturisme.cat\/es\/ruta1_boixadors_qr\/ruta1_boixadors_qr_l_abat_oliba\/","name":"Ruta1_Boixadors_QR_L_abat_Oliba &#183; Anoia Turisme","isPartOf":{"@id":"https:\/\/anoiaturisme.cat\/#website"},"primaryImageOfPage":{"@id":"https:\/\/anoiaturisme.cat\/es\/ruta1_boixadors_qr\/ruta1_boixadors_qr_l_abat_oliba\/#primaryimage"},"image":{"@id":"https:\/\/anoiaturisme.cat\/es\/ruta1_boixadors_qr\/ruta1_boixadors_qr_l_abat_oliba\/#primaryimage"},"thumbnailUrl":"http:\/\/anoiaturisme.cat\/wp-content\/themes\/AnoiaTurisme\/library\/images\/Terra-de-Castells\/Ruta1\/vic.jpg","datePublished":"2016-03-10T17:37:17+00:00","dateModified":"2016-04-20T09:33:28+00:00","breadcrumb":{"@id":"https:\/\/anoiaturisme.cat\/es\/ruta1_boixadors_qr\/ruta1_boixadors_qr_l_abat_oliba\/#breadcrumb"},"inLanguage":"es","potentialAction":[{"@type":"ReadAction","target":["https:\/\/anoiaturisme.cat\/es\/ruta1_boixadors_qr\/ruta1_boixadors_qr_l_abat_oliba\/"]}]},{"@type":"ImageObject","inLanguage":"es","@id":"https:\/\/anoiaturisme.cat\/es\/ruta1_boixadors_qr\/ruta1_boixadors_qr_l_abat_oliba\/#primaryimage","url":"http:\/\/anoiaturisme.cat\/wp-content\/themes\/AnoiaTurisme\/library\/images\/Terra-de-Castells\/Ruta1\/vic.jpg","contentUrl":"http:\/\/anoiaturisme.cat\/wp-content\/themes\/AnoiaTurisme\/library\/images\/Terra-de-Castells\/Ruta1\/vic.jpg"},{"@type":"BreadcrumbList","@id":"https:\/\/anoiaturisme.cat\/es\/ruta1_boixadors_qr\/ruta1_boixadors_qr_l_abat_oliba\/#breadcrumb","itemListElement":[{"@type":"ListItem","position":1,"name":"Inici","item":"https:\/\/anoiaturisme.cat\/es\/"},{"@type":"ListItem","position":2,"name":"Ruta1_Boixadors_QR","item":"https:\/\/anoiaturisme.cat\/es\/ruta1_boixadors_qr\/"},{"@type":"ListItem","position":3,"name":"Ruta1_Boixadors_QR_L_abat_Oliba"}]},{"@type":"WebSite","@id":"https:\/\/anoiaturisme.cat\/#website","url":"https:\/\/anoiaturisme.cat\/","name":"Anoia Turisme","description":"Vine a con\u00e8xier l&#039;Anoia!","potentialAction":[{"@type":"SearchAction","target":{"@type":"EntryPoint","urlTemplate":"https:\/\/anoiaturisme.cat\/?s={search_term_string}"},"query-input":{"@type":"PropertyValueSpecification","valueRequired":true,"valueName":"search_term_string"}}],"inLanguage":"es"}]}},"_links":{"self":[{"href":"https:\/\/anoiaturisme.cat\/es\/wp-json\/wp\/v2\/pages\/4782","targetHints":{"allow":["GET"]}}],"collection":[{"href":"https:\/\/anoiaturisme.cat\/es\/wp-json\/wp\/v2\/pages"}],"about":[{"href":"https:\/\/anoiaturisme.cat\/es\/wp-json\/wp\/v2\/types\/page"}],"author":[{"embeddable":true,"href":"https:\/\/anoiaturisme.cat\/es\/wp-json\/wp\/v2\/users\/1"}],"replies":[{"embeddable":true,"href":"https:\/\/anoiaturisme.cat\/es\/wp-json\/wp\/v2\/comments?post=4782"}],"version-history":[{"count":0,"href":"https:\/\/anoiaturisme.cat\/es\/wp-json\/wp\/v2\/pages\/4782\/revisions"}],"up":[{"embeddable":true,"href":"https:\/\/anoiaturisme.cat\/es\/wp-json\/wp\/v2\/pages\/4779"}],"wp:attachment":[{"href":"https:\/\/anoiaturisme.cat\/es\/wp-json\/wp\/v2\/media?parent=4782"}],"curies":[{"name":"wp","href":"https:\/\/api.w.org\/{rel}","templated":true}]}}